{"id":988352,"date":"2024-01-22T21:53:14","date_gmt":"2024-01-22T21:53:14","guid":{"rendered":"https:\/\/bislance.com\/social-media\/"},"modified":"2024-02-05T19:39:20","modified_gmt":"2024-02-05T19:39:20","slug":"social-media","status":"publish","type":"page","link":"https:\/\/bislance.com\/es\/social-media\/","title":{"rendered":"Google Ads"},"content":{"rendered":"\t\t<div data-elementor-type=\"wp-page\" data-elementor-id=\"988352\" class=\"elementor elementor-988352\" data-elementor-post-type=\"page\">\n\t\t\t\t<div class=\"elementor-element elementor-element-5de428be e-flex e-con-boxed e-con e-parent\" data-id=\"5de428be\" data-element_type=\"container\" data-settings=\"{&quot;background_background&quot;:&quot;gradient&quot;,&quot;shape_divider_bottom&quot;:&quot;waves&quot;}\">\n\t\t\t\t\t<div class=\"e-con-inner\">\n\t\t\t\t<div class=\"elementor-shape elementor-shape-bottom\" data-negative=\"false\">\n\t\t\t<svg xmlns=\"http:\/\/www.w3.org\/2000\/svg\" viewBox=\"0 0 1000 100\" preserveAspectRatio=\"none\">\n\t<path class=\"elementor-shape-fill\" d=\"M421.9,6.5c22.6-2.5,51.5,0.4,75.5,5.3c23.6,4.9,70.9,23.5,100.5,35.7c75.8,32.2,133.7,44.5,192.6,49.7\n\tc23.6,2.1,48.7,3.5,103.4-2.5c54.7-6,106.2-25.6,106.2-25.6V0H0v30.3c0,0,72,32.6,158.4,30.5c39.2-0.7,92.8-6.7,134-22.4\n\tc21.2-8.1,52.2-18.2,79.7-24.2C399.3,7.9,411.6,7.5,421.9,6.5z\"\/>\n<\/svg>\t\t<\/div>\n\t\t\t\t<div class=\"elementor-element elementor-element-315824c4 elementor-widget elementor-widget-heading\" data-id=\"315824c4\" data-element_type=\"widget\" data-widget_type=\"heading.default\">\n\t\t\t\t<div class=\"elementor-widget-container\">\n\t\t\t<style>\/*! elementor - v3.21.0 - 20-05-2024 *\/\n.elementor-heading-title{padding:0;margin:0;line-height:1}.elementor-widget-heading .elementor-heading-title[class*=elementor-size-]>a{color:inherit;font-size:inherit;line-height:inherit}.elementor-widget-heading .elementor-heading-title.elementor-size-small{font-size:15px}.elementor-widget-heading .elementor-heading-title.elementor-size-medium{font-size:19px}.elementor-widget-heading .elementor-heading-title.elementor-size-large{font-size:29px}.elementor-widget-heading .elementor-heading-title.elementor-size-xl{font-size:39px}.elementor-widget-heading .elementor-heading-title.elementor-size-xxl{font-size:59px}<\/style><h1 class=\"elementor-heading-title elementor-size-default\">Google Ads<\/h1>\t\t<\/div>\n\t\t\t\t<\/div>\n\t\t\t\t<div class=\"elementor-element elementor-element-de1f64e elementor-widget elementor-widget-heading\" data-id=\"de1f64e\" data-element_type=\"widget\" data-widget_type=\"heading.default\">\n\t\t\t\t<div class=\"elementor-widget-container\">\n\t\t\t<h3 class=\"elementor-heading-title elementor-size-default\">Promociona tu negocio online utilizando el marketing en buscadores<\/h3>\t\t<\/div>\n\t\t\t\t<\/div>\n\t\t\t\t\t<\/div>\n\t\t\t\t<\/div>\n\t\t<div class=\"elementor-element elementor-element-1ff9b9c2 e-flex e-con-boxed e-con e-parent\" data-id=\"1ff9b9c2\" data-element_type=\"container\" data-settings=\"{&quot;background_background&quot;:&quot;classic&quot;}\">\n\t\t\t\t\t<div class=\"e-con-inner\">\n\t\t<div class=\"elementor-element elementor-element-2968cb8d e-con-full e-flex e-con e-child\" data-id=\"2968cb8d\" data-element_type=\"container\">\n\t\t\t\t<div class=\"elementor-element elementor-element-771d21ec elementor-widget__width-initial elementor-widget-tablet__width-inherit elementor-widget elementor-widget-image\" data-id=\"771d21ec\" data-element_type=\"widget\" data-settings=\"{&quot;motion_fx_motion_fx_scrolling&quot;:&quot;yes&quot;,&quot;motion_fx_translateY_effect&quot;:&quot;yes&quot;,&quot;motion_fx_translateY_speed&quot;:{&quot;unit&quot;:&quot;px&quot;,&quot;size&quot;:&quot;1&quot;,&quot;sizes&quot;:[]},&quot;motion_fx_translateY_affectedRange&quot;:{&quot;unit&quot;:&quot;%&quot;,&quot;size&quot;:&quot;&quot;,&quot;sizes&quot;:{&quot;start&quot;:0,&quot;end&quot;:100}},&quot;motion_fx_devices&quot;:[&quot;desktop&quot;,&quot;tablet&quot;,&quot;mobile&quot;]}\" data-widget_type=\"image.default\">\n\t\t\t\t<div class=\"elementor-widget-container\">\n\t\t\t<style>\/*! elementor - v3.21.0 - 20-05-2024 *\/\n.elementor-widget-image{text-align:center}.elementor-widget-image a{display:inline-block}.elementor-widget-image a img[src$=\".svg\"]{width:48px}.elementor-widget-image img{vertical-align:middle;display:inline-block}<\/style>\t\t\t\t\t\t\t\t\t\t<img fetchpriority=\"high\" decoding=\"async\" width=\"380\" height=\"380\" src=\"https:\/\/bislance.com\/wp-content\/uploads\/2024\/01\/Pic-Intro-Service-social-media-1.png\" class=\"attachment-full size-full wp-image-988354\" alt=\"\" srcset=\"https:\/\/bislance.com\/wp-content\/uploads\/2024\/01\/Pic-Intro-Service-social-media-1.png 380w, https:\/\/bislance.com\/wp-content\/uploads\/2024\/01\/Pic-Intro-Service-social-media-1-300x300.png 300w, https:\/\/bislance.com\/wp-content\/uploads\/2024\/01\/Pic-Intro-Service-social-media-1-150x150.png 150w\" sizes=\"(max-width: 380px) 100vw, 380px\" \/>\t\t\t\t\t\t\t\t\t\t\t\t\t<\/div>\n\t\t\t\t<\/div>\n\t\t<div class=\"elementor-element elementor-element-5e0bdb72 e-con-full e-flex e-con e-child\" data-id=\"5e0bdb72\" data-element_type=\"container\">\n\t\t\t\t<div class=\"elementor-element elementor-element-596be07 elementor-widget elementor-widget-image\" data-id=\"596be07\" data-element_type=\"widget\" data-widget_type=\"image.default\">\n\t\t\t\t<div class=\"elementor-widget-container\">\n\t\t\t\t\t\t\t\t\t\t\t\t\t<img decoding=\"async\" width=\"401\" height=\"126\" src=\"https:\/\/bislance.com\/wp-content\/uploads\/2024\/01\/google-ads.png\" class=\"attachment-large size-large wp-image-987902\" alt=\"\" srcset=\"https:\/\/bislance.com\/wp-content\/uploads\/2024\/01\/google-ads.png 401w, https:\/\/bislance.com\/wp-content\/uploads\/2024\/01\/google-ads-300x94.png 300w\" sizes=\"(max-width: 401px) 100vw, 401px\" \/>\t\t\t\t\t\t\t\t\t\t\t\t\t<\/div>\n\t\t\t\t<\/div>\n\t\t\t\t<div class=\"elementor-element elementor-element-62433fb8 elementor-widget elementor-widget-text-editor\" data-id=\"62433fb8\" data-element_type=\"widget\" data-widget_type=\"text-editor.default\">\n\t\t\t\t<div class=\"elementor-widget-container\">\n\t\t\t<style>\/*! elementor - v3.21.0 - 20-05-2024 *\/\n.elementor-widget-text-editor.elementor-drop-cap-view-stacked .elementor-drop-cap{background-color:#69727d;color:#fff}.elementor-widget-text-editor.elementor-drop-cap-view-framed .elementor-drop-cap{color:#69727d;border:3px solid;background-color:transparent}.elementor-widget-text-editor:not(.elementor-drop-cap-view-default) .elementor-drop-cap{margin-top:8px}.elementor-widget-text-editor:not(.elementor-drop-cap-view-default) .elementor-drop-cap-letter{width:1em;height:1em}.elementor-widget-text-editor .elementor-drop-cap{float:left;text-align:center;line-height:1;font-size:50px}.elementor-widget-text-editor .elementor-drop-cap-letter{display:inline-block}<\/style>\t\t\t\t<p>Con Google Ads vas a atraer a clientes y promocionar tu negocio online utilizando el marketing en buscadores. Plant\u00e9anos tu objetivo y te llevaremos a \u00e9l, con Google Ads podemos conseguirte clientes, estudiaremos bien como los usuarios buscan tu producto o servicio en los buscadores.<\/p><p><br \/>Google Ads no es solo aparecer en los primeros resultados de las b\u00fasquedas, hay muchas m\u00e1s opciones para promocionar tu negocio. Google Shopping para tiendas online, campa\u00f1as de generaci\u00f3n de demanda para impactar con im\u00e1genes, videos de tus productos o servicios, remarketing para no dejar atr\u00e1s a ninguno de los posibles clientes que visit\u00f3 tu sitio web, pero no acab\u00f3 de realizar la compra, e incluso si te interesa atraen p\u00fablico a tu tienda f\u00edsica una campa\u00f1a local para darte a conocer, y una buena combinaci\u00f3n de todos ellos hace que tu negocio tenga \u00e9xito.<\/p><p>\u00a0<\/p><p>Hay muchos caminos para conseguir tus objetivos dependiendo que ofreces online, si necesitas vender tus productos, o quiz\u00e1s te interesa que alguien pida informaci\u00f3n por un formulario, recibir llamadas de clientes interesados en tus productos, o puede que tambi\u00e9n tengas una marca nueva y quieras dar a conocer y atraer nuevos clientes a tu web para que te conozcan. Todo esto se puede conseguir con Google Ads.<\/p>\t\t\t\t\t\t<\/div>\n\t\t\t\t<\/div>\n\t\t\t\t<\/div>\n\t\t\t\t<\/div>\n\t\t\t\t\t<\/div>\n\t\t\t\t<\/div>\n\t\t\t\t<\/div>\n\t\t","protected":false},"excerpt":{"rendered":"<p>Google Ads Promociona tu negocio online utilizando el marketing en buscadores Con Google Ads vas a atraer a clientes y promocionar tu negocio online utilizando el marketing en buscadores. Plant\u00e9anos tu objetivo y te llevaremos a \u00e9l, con Google Ads podemos conseguirte clientes, estudiaremos bien como los usuarios buscan tu producto o servicio en los [&hellip;]<\/p>\n","protected":false},"author":2,"featured_media":0,"parent":0,"menu_order":0,"comment_status":"closed","ping_status":"closed","template":"elementor_header_footer","meta":{"inline_featured_image":false,"footnotes":""},"class_list":["post-988352","page","type-page","status-publish","hentry"],"yoast_head":"<!-- This site is optimized with the Yoast SEO plugin v26.4 - https:\/\/yoast.com\/wordpress\/plugins\/seo\/ -->\n<title>Google Ads - Bislance<\/title>\n<meta name=\"robots\" content=\"index, follow, max-snippet:-1, max-image-preview:large, max-video-preview:-1\" \/>\n<link rel=\"canonical\" href=\"https:\/\/bislance.com\/social-media\/\" \/>\n<meta property=\"og:locale\" content=\"es_ES\" \/>\n<meta property=\"og:type\" content=\"article\" \/>\n<meta property=\"og:title\" content=\"Google Ads - Bislance\" \/>\n<meta property=\"og:description\" content=\"Google Ads Promociona tu negocio online utilizando el marketing en buscadores Con Google Ads vas a atraer a clientes y promocionar tu negocio online utilizando el marketing en buscadores. Plant\u00e9anos tu objetivo y te llevaremos a \u00e9l, con Google Ads podemos conseguirte clientes, estudiaremos bien como los usuarios buscan tu producto o servicio en los [&hellip;]\" \/>\n<meta property=\"og:url\" content=\"https:\/\/bislance.com\/social-media\/\" \/>\n<meta property=\"og:site_name\" content=\"Bislance\" \/>\n<meta property=\"article:modified_time\" content=\"2024-02-05T19:39:20+00:00\" \/>\n<meta property=\"og:image\" content=\"https:\/\/bislance.com\/wp-content\/uploads\/2024\/01\/Pic-Intro-Service-social-media-1.png\" \/>\n\t<meta property=\"og:image:width\" content=\"380\" \/>\n\t<meta property=\"og:image:height\" content=\"380\" \/>\n\t<meta property=\"og:image:type\" content=\"image\/png\" \/>\n<meta name=\"twitter:card\" content=\"summary_large_image\" \/>\n<meta name=\"twitter:label1\" content=\"Tiempo de lectura\" \/>\n\t<meta name=\"twitter:data1\" content=\"1 minuto\" \/>\n<script type=\"application\/ld+json\" class=\"yoast-schema-graph\">{\"@context\":\"https:\/\/schema.org\",\"@graph\":[{\"@type\":\"WebPage\",\"@id\":\"https:\/\/bislance.com\/social-media\/\",\"url\":\"https:\/\/bislance.com\/social-media\/\",\"name\":\"Google Ads - Bislance\",\"isPartOf\":{\"@id\":\"https:\/\/bislance.com\/#website\"},\"primaryImageOfPage\":{\"@id\":\"https:\/\/bislance.com\/social-media\/#primaryimage\"},\"image\":{\"@id\":\"https:\/\/bislance.com\/social-media\/#primaryimage\"},\"thumbnailUrl\":\"https:\/\/bislance.com\/wp-content\/uploads\/2024\/01\/Pic-Intro-Service-social-media-1.png\",\"datePublished\":\"2024-01-22T21:53:14+00:00\",\"dateModified\":\"2024-02-05T19:39:20+00:00\",\"breadcrumb\":{\"@id\":\"https:\/\/bislance.com\/social-media\/#breadcrumb\"},\"inLanguage\":\"es\",\"potentialAction\":[{\"@type\":\"ReadAction\",\"target\":[\"https:\/\/bislance.com\/social-media\/\"]}]},{\"@type\":\"ImageObject\",\"inLanguage\":\"es\",\"@id\":\"https:\/\/bislance.com\/social-media\/#primaryimage\",\"url\":\"https:\/\/bislance.com\/wp-content\/uploads\/2024\/01\/Pic-Intro-Service-social-media-1.png\",\"contentUrl\":\"https:\/\/bislance.com\/wp-content\/uploads\/2024\/01\/Pic-Intro-Service-social-media-1.png\"},{\"@type\":\"BreadcrumbList\",\"@id\":\"https:\/\/bislance.com\/social-media\/#breadcrumb\",\"itemListElement\":[{\"@type\":\"ListItem\",\"position\":1,\"name\":\"Portada\",\"item\":\"https:\/\/bislance.com\/\"},{\"@type\":\"ListItem\",\"position\":2,\"name\":\"Google Ads\"}]},{\"@type\":\"WebSite\",\"@id\":\"https:\/\/bislance.com\/#website\",\"url\":\"https:\/\/bislance.com\/\",\"name\":\"Bislance\",\"description\":\"Growing business to the next level\",\"publisher\":{\"@id\":\"https:\/\/bislance.com\/#organization\"},\"potentialAction\":[{\"@type\":\"SearchAction\",\"target\":{\"@type\":\"EntryPoint\",\"urlTemplate\":\"https:\/\/bislance.com\/?s={search_term_string}\"},\"query-input\":{\"@type\":\"PropertyValueSpecification\",\"valueRequired\":true,\"valueName\":\"search_term_string\"}}],\"inLanguage\":\"es\"},{\"@type\":\"Organization\",\"@id\":\"https:\/\/bislance.com\/#organization\",\"name\":\"Bislance\",\"url\":\"https:\/\/bislance.com\/\",\"logo\":{\"@type\":\"ImageObject\",\"inLanguage\":\"es\",\"@id\":\"https:\/\/bislance.com\/#\/schema\/logo\/image\/\",\"url\":\"https:\/\/bislance.com\/wp-content\/uploads\/2024\/01\/BISLANCE-ap.png\",\"contentUrl\":\"https:\/\/bislance.com\/wp-content\/uploads\/2024\/01\/BISLANCE-ap.png\",\"width\":1608,\"height\":518,\"caption\":\"Bislance\"},\"image\":{\"@id\":\"https:\/\/bislance.com\/#\/schema\/logo\/image\/\"}}]}<\/script>\n<!-- \/ Yoast SEO plugin. -->","yoast_head_json":{"title":"Google Ads - Bislance","robots":{"index":"index","follow":"follow","max-snippet":"max-snippet:-1","max-image-preview":"max-image-preview:large","max-video-preview":"max-video-preview:-1"},"canonical":"https:\/\/bislance.com\/social-media\/","og_locale":"es_ES","og_type":"article","og_title":"Google Ads - Bislance","og_description":"Google Ads Promociona tu negocio online utilizando el marketing en buscadores Con Google Ads vas a atraer a clientes y promocionar tu negocio online utilizando el marketing en buscadores. Plant\u00e9anos tu objetivo y te llevaremos a \u00e9l, con Google Ads podemos conseguirte clientes, estudiaremos bien como los usuarios buscan tu producto o servicio en los [&hellip;]","og_url":"https:\/\/bislance.com\/social-media\/","og_site_name":"Bislance","article_modified_time":"2024-02-05T19:39:20+00:00","og_image":[{"width":380,"height":380,"url":"https:\/\/bislance.com\/wp-content\/uploads\/2024\/01\/Pic-Intro-Service-social-media-1.png","type":"image\/png"}],"twitter_card":"summary_large_image","twitter_misc":{"Tiempo de lectura":"1 minuto"},"schema":{"@context":"https:\/\/schema.org","@graph":[{"@type":"WebPage","@id":"https:\/\/bislance.com\/social-media\/","url":"https:\/\/bislance.com\/social-media\/","name":"Google Ads - Bislance","isPartOf":{"@id":"https:\/\/bislance.com\/#website"},"primaryImageOfPage":{"@id":"https:\/\/bislance.com\/social-media\/#primaryimage"},"image":{"@id":"https:\/\/bislance.com\/social-media\/#primaryimage"},"thumbnailUrl":"https:\/\/bislance.com\/wp-content\/uploads\/2024\/01\/Pic-Intro-Service-social-media-1.png","datePublished":"2024-01-22T21:53:14+00:00","dateModified":"2024-02-05T19:39:20+00:00","breadcrumb":{"@id":"https:\/\/bislance.com\/social-media\/#breadcrumb"},"inLanguage":"es","potentialAction":[{"@type":"ReadAction","target":["https:\/\/bislance.com\/social-media\/"]}]},{"@type":"ImageObject","inLanguage":"es","@id":"https:\/\/bislance.com\/social-media\/#primaryimage","url":"https:\/\/bislance.com\/wp-content\/uploads\/2024\/01\/Pic-Intro-Service-social-media-1.png","contentUrl":"https:\/\/bislance.com\/wp-content\/uploads\/2024\/01\/Pic-Intro-Service-social-media-1.png"},{"@type":"BreadcrumbList","@id":"https:\/\/bislance.com\/social-media\/#breadcrumb","itemListElement":[{"@type":"ListItem","position":1,"name":"Portada","item":"https:\/\/bislance.com\/"},{"@type":"ListItem","position":2,"name":"Google Ads"}]},{"@type":"WebSite","@id":"https:\/\/bislance.com\/#website","url":"https:\/\/bislance.com\/","name":"Bislance","description":"Growing business to the next level","publisher":{"@id":"https:\/\/bislance.com\/#organization"},"potentialAction":[{"@type":"SearchAction","target":{"@type":"EntryPoint","urlTemplate":"https:\/\/bislance.com\/?s={search_term_string}"},"query-input":{"@type":"PropertyValueSpecification","valueRequired":true,"valueName":"search_term_string"}}],"inLanguage":"es"},{"@type":"Organization","@id":"https:\/\/bislance.com\/#organization","name":"Bislance","url":"https:\/\/bislance.com\/","logo":{"@type":"ImageObject","inLanguage":"es","@id":"https:\/\/bislance.com\/#\/schema\/logo\/image\/","url":"https:\/\/bislance.com\/wp-content\/uploads\/2024\/01\/BISLANCE-ap.png","contentUrl":"https:\/\/bislance.com\/wp-content\/uploads\/2024\/01\/BISLANCE-ap.png","width":1608,"height":518,"caption":"Bislance"},"image":{"@id":"https:\/\/bislance.com\/#\/schema\/logo\/image\/"}}]}},"_links":{"self":[{"href":"https:\/\/bislance.com\/es\/wp-json\/wp\/v2\/pages\/988352","targetHints":{"allow":["GET"]}}],"collection":[{"href":"https:\/\/bislance.com\/es\/wp-json\/wp\/v2\/pages"}],"about":[{"href":"https:\/\/bislance.com\/es\/wp-json\/wp\/v2\/types\/page"}],"author":[{"embeddable":true,"href":"https:\/\/bislance.com\/es\/wp-json\/wp\/v2\/users\/2"}],"replies":[{"embeddable":true,"href":"https:\/\/bislance.com\/es\/wp-json\/wp\/v2\/comments?post=988352"}],"version-history":[{"count":19,"href":"https:\/\/bislance.com\/es\/wp-json\/wp\/v2\/pages\/988352\/revisions"}],"predecessor-version":[{"id":988687,"href":"https:\/\/bislance.com\/es\/wp-json\/wp\/v2\/pages\/988352\/revisions\/988687"}],"wp:attachment":[{"href":"https:\/\/bislance.com\/es\/wp-json\/wp\/v2\/media?parent=988352"}],"curies":[{"name":"wp","href":"https:\/\/api.w.org\/{rel}","templated":true}]}}