{"id":988465,"date":"2024-02-03T19:58:53","date_gmt":"2024-02-03T19:58:53","guid":{"rendered":"https:\/\/bislance.com\/?page_id=988465"},"modified":"2024-02-05T19:43:04","modified_gmt":"2024-02-05T19:43:04","slug":"microsoft-bing","status":"publish","type":"page","link":"https:\/\/bislance.com\/es\/microsoft-bing\/","title":{"rendered":"Microsoft Bing"},"content":{"rendered":"\t\t<div data-elementor-type=\"wp-page\" data-elementor-id=\"988465\" class=\"elementor elementor-988465\" data-elementor-post-type=\"page\">\n\t\t\t\t<div class=\"elementor-element elementor-element-5de428be e-flex e-con-boxed e-con e-parent\" data-id=\"5de428be\" data-element_type=\"container\" data-settings=\"{&quot;background_background&quot;:&quot;gradient&quot;,&quot;shape_divider_bottom&quot;:&quot;waves&quot;}\">\n\t\t\t\t\t<div class=\"e-con-inner\">\n\t\t\t\t<div class=\"elementor-shape elementor-shape-bottom\" data-negative=\"false\">\n\t\t\t<svg xmlns=\"http:\/\/www.w3.org\/2000\/svg\" viewBox=\"0 0 1000 100\" preserveAspectRatio=\"none\">\n\t<path class=\"elementor-shape-fill\" d=\"M421.9,6.5c22.6-2.5,51.5,0.4,75.5,5.3c23.6,4.9,70.9,23.5,100.5,35.7c75.8,32.2,133.7,44.5,192.6,49.7\n\tc23.6,2.1,48.7,3.5,103.4-2.5c54.7-6,106.2-25.6,106.2-25.6V0H0v30.3c0,0,72,32.6,158.4,30.5c39.2-0.7,92.8-6.7,134-22.4\n\tc21.2-8.1,52.2-18.2,79.7-24.2C399.3,7.9,411.6,7.5,421.9,6.5z\"\/>\n<\/svg>\t\t<\/div>\n\t\t\t\t<div class=\"elementor-element elementor-element-315824c4 elementor-widget elementor-widget-heading\" data-id=\"315824c4\" data-element_type=\"widget\" data-widget_type=\"heading.default\">\n\t\t\t\t<div class=\"elementor-widget-container\">\n\t\t\t<style>\/*! elementor - v3.21.0 - 20-05-2024 *\/\n.elementor-heading-title{padding:0;margin:0;line-height:1}.elementor-widget-heading .elementor-heading-title[class*=elementor-size-]>a{color:inherit;font-size:inherit;line-height:inherit}.elementor-widget-heading .elementor-heading-title.elementor-size-small{font-size:15px}.elementor-widget-heading .elementor-heading-title.elementor-size-medium{font-size:19px}.elementor-widget-heading .elementor-heading-title.elementor-size-large{font-size:29px}.elementor-widget-heading .elementor-heading-title.elementor-size-xl{font-size:39px}.elementor-widget-heading .elementor-heading-title.elementor-size-xxl{font-size:59px}<\/style><h1 class=\"elementor-heading-title elementor-size-default\">Microsoft Bing<\/h1>\t\t<\/div>\n\t\t\t\t<\/div>\n\t\t\t\t\t<\/div>\n\t\t\t\t<\/div>\n\t\t<div class=\"elementor-element elementor-element-1ff9b9c2 e-flex e-con-boxed e-con e-parent\" data-id=\"1ff9b9c2\" data-element_type=\"container\" data-settings=\"{&quot;background_background&quot;:&quot;classic&quot;}\">\n\t\t\t\t\t<div class=\"e-con-inner\">\n\t\t<div class=\"elementor-element elementor-element-2968cb8d e-con-full e-flex e-con e-child\" data-id=\"2968cb8d\" data-element_type=\"container\">\n\t\t\t\t<div class=\"elementor-element elementor-element-771d21ec elementor-widget__width-initial elementor-widget-tablet__width-inherit elementor-widget elementor-widget-image\" data-id=\"771d21ec\" data-element_type=\"widget\" data-settings=\"{&quot;motion_fx_motion_fx_scrolling&quot;:&quot;yes&quot;,&quot;motion_fx_translateY_effect&quot;:&quot;yes&quot;,&quot;motion_fx_translateY_speed&quot;:{&quot;unit&quot;:&quot;px&quot;,&quot;size&quot;:&quot;1&quot;,&quot;sizes&quot;:[]},&quot;motion_fx_translateY_affectedRange&quot;:{&quot;unit&quot;:&quot;%&quot;,&quot;size&quot;:&quot;&quot;,&quot;sizes&quot;:{&quot;start&quot;:0,&quot;end&quot;:100}},&quot;motion_fx_devices&quot;:[&quot;desktop&quot;,&quot;tablet&quot;,&quot;mobile&quot;]}\" data-widget_type=\"image.default\">\n\t\t\t\t<div class=\"elementor-widget-container\">\n\t\t\t<style>\/*! elementor - v3.21.0 - 20-05-2024 *\/\n.elementor-widget-image{text-align:center}.elementor-widget-image a{display:inline-block}.elementor-widget-image a img[src$=\".svg\"]{width:48px}.elementor-widget-image img{vertical-align:middle;display:inline-block}<\/style>\t\t\t\t\t\t\t\t\t\t<img fetchpriority=\"high\" decoding=\"async\" width=\"562\" height=\"562\" src=\"https:\/\/bislance.com\/wp-content\/uploads\/2024\/01\/pic-copy-2.png\" class=\"attachment-full size-full wp-image-988357\" alt=\"\" srcset=\"https:\/\/bislance.com\/wp-content\/uploads\/2024\/01\/pic-copy-2.png 562w, https:\/\/bislance.com\/wp-content\/uploads\/2024\/01\/pic-copy-2-300x300.png 300w, https:\/\/bislance.com\/wp-content\/uploads\/2024\/01\/pic-copy-2-150x150.png 150w\" sizes=\"(max-width: 562px) 100vw, 562px\" \/>\t\t\t\t\t\t\t\t\t\t\t\t\t<\/div>\n\t\t\t\t<\/div>\n\t\t<div class=\"elementor-element elementor-element-5e0bdb72 e-con-full e-flex e-con e-child\" data-id=\"5e0bdb72\" data-element_type=\"container\">\n\t\t\t\t<div class=\"elementor-element elementor-element-596be07 elementor-widget elementor-widget-image\" data-id=\"596be07\" data-element_type=\"widget\" data-widget_type=\"image.default\">\n\t\t\t\t<div class=\"elementor-widget-container\">\n\t\t\t\t\t\t\t\t\t\t\t\t\t<img decoding=\"async\" width=\"438\" height=\"115\" src=\"https:\/\/bislance.com\/wp-content\/uploads\/2024\/01\/bing.png\" class=\"attachment-large size-large wp-image-987900\" alt=\"\" srcset=\"https:\/\/bislance.com\/wp-content\/uploads\/2024\/01\/bing.png 438w, https:\/\/bislance.com\/wp-content\/uploads\/2024\/01\/bing-300x79.png 300w\" sizes=\"(max-width: 438px) 100vw, 438px\" \/>\t\t\t\t\t\t\t\t\t\t\t\t\t<\/div>\n\t\t\t\t<\/div>\n\t\t\t\t<div class=\"elementor-element elementor-element-62433fb8 elementor-widget elementor-widget-text-editor\" data-id=\"62433fb8\" data-element_type=\"widget\" data-widget_type=\"text-editor.default\">\n\t\t\t\t<div class=\"elementor-widget-container\">\n\t\t\t<style>\/*! elementor - v3.21.0 - 20-05-2024 *\/\n.elementor-widget-text-editor.elementor-drop-cap-view-stacked .elementor-drop-cap{background-color:#69727d;color:#fff}.elementor-widget-text-editor.elementor-drop-cap-view-framed .elementor-drop-cap{color:#69727d;border:3px solid;background-color:transparent}.elementor-widget-text-editor:not(.elementor-drop-cap-view-default) .elementor-drop-cap{margin-top:8px}.elementor-widget-text-editor:not(.elementor-drop-cap-view-default) .elementor-drop-cap-letter{width:1em;height:1em}.elementor-widget-text-editor .elementor-drop-cap{float:left;text-align:center;line-height:1;font-size:50px}.elementor-widget-text-editor .elementor-drop-cap-letter{display:inline-block}<\/style>\t\t\t\t<p>Nunca hay que olvidarse de Bing, aunque tiene una cuota de mercado en Espa\u00f1a menor que Google Ads, los costes que ofrece por clic son mucho m\u00e1s bajos, y los resultados suelen ser muy buenos. Hay pa\u00edses en los que su cuota en el mercado es mayor que en Espa\u00f1a, y dependiendo de los objetivos que se tengan, es recomendable tener en cuenta Bing Ads para cubrir las b\u00fasquedas en los principales buscadores<\/p>\t\t\t\t\t\t<\/div>\n\t\t\t\t<\/div>\n\t\t\t\t<\/div>\n\t\t\t\t<\/div>\n\t\t\t\t\t<\/div>\n\t\t\t\t<\/div>\n\t\t\t\t<\/div>\n\t\t","protected":false},"excerpt":{"rendered":"<p>Microsoft Bing Nunca hay que olvidarse de Bing, aunque tiene una cuota de mercado en Espa\u00f1a menor que Google Ads, los costes que ofrece por clic son mucho m\u00e1s bajos, y los resultados suelen ser muy buenos. Hay pa\u00edses en los que su cuota en el mercado es mayor que en Espa\u00f1a, y dependiendo de [&hellip;]<\/p>\n","protected":false},"author":2,"featured_media":0,"parent":0,"menu_order":0,"comment_status":"closed","ping_status":"closed","template":"elementor_header_footer","meta":{"inline_featured_image":false,"footnotes":""},"class_list":["post-988465","page","type-page","status-publish","hentry"],"yoast_head":"<!-- This site is optimized with the Yoast SEO plugin v26.4 - https:\/\/yoast.com\/wordpress\/plugins\/seo\/ -->\n<title>Microsoft Bing - Bislance<\/title>\n<meta name=\"robots\" content=\"index, follow, max-snippet:-1, max-image-preview:large, max-video-preview:-1\" \/>\n<link rel=\"canonical\" href=\"https:\/\/bislance.com\/microsoft-bing\/\" \/>\n<meta property=\"og:locale\" content=\"es_ES\" \/>\n<meta property=\"og:type\" content=\"article\" \/>\n<meta property=\"og:title\" content=\"Microsoft Bing - Bislance\" \/>\n<meta property=\"og:description\" content=\"Microsoft Bing Nunca hay que olvidarse de Bing, aunque tiene una cuota de mercado en Espa\u00f1a menor que Google Ads, los costes que ofrece por clic son mucho m\u00e1s bajos, y los resultados suelen ser muy buenos. Hay pa\u00edses en los que su cuota en el mercado es mayor que en Espa\u00f1a, y dependiendo de [&hellip;]\" \/>\n<meta property=\"og:url\" content=\"https:\/\/bislance.com\/microsoft-bing\/\" \/>\n<meta property=\"og:site_name\" content=\"Bislance\" \/>\n<meta property=\"article:modified_time\" content=\"2024-02-05T19:43:04+00:00\" \/>\n<meta property=\"og:image\" content=\"https:\/\/bislance.com\/wp-content\/uploads\/2024\/01\/pic-copy-2.png\" \/>\n\t<meta property=\"og:image:width\" content=\"562\" \/>\n\t<meta property=\"og:image:height\" content=\"562\" \/>\n\t<meta property=\"og:image:type\" content=\"image\/png\" \/>\n<meta name=\"twitter:card\" content=\"summary_large_image\" \/>\n<script type=\"application\/ld+json\" class=\"yoast-schema-graph\">{\"@context\":\"https:\/\/schema.org\",\"@graph\":[{\"@type\":\"WebPage\",\"@id\":\"https:\/\/bislance.com\/microsoft-bing\/\",\"url\":\"https:\/\/bislance.com\/microsoft-bing\/\",\"name\":\"Microsoft Bing - Bislance\",\"isPartOf\":{\"@id\":\"https:\/\/bislance.com\/#website\"},\"primaryImageOfPage\":{\"@id\":\"https:\/\/bislance.com\/microsoft-bing\/#primaryimage\"},\"image\":{\"@id\":\"https:\/\/bislance.com\/microsoft-bing\/#primaryimage\"},\"thumbnailUrl\":\"https:\/\/bislance.com\/wp-content\/uploads\/2024\/01\/pic-copy-2.png\",\"datePublished\":\"2024-02-03T19:58:53+00:00\",\"dateModified\":\"2024-02-05T19:43:04+00:00\",\"breadcrumb\":{\"@id\":\"https:\/\/bislance.com\/microsoft-bing\/#breadcrumb\"},\"inLanguage\":\"es\",\"potentialAction\":[{\"@type\":\"ReadAction\",\"target\":[\"https:\/\/bislance.com\/microsoft-bing\/\"]}]},{\"@type\":\"ImageObject\",\"inLanguage\":\"es\",\"@id\":\"https:\/\/bislance.com\/microsoft-bing\/#primaryimage\",\"url\":\"https:\/\/bislance.com\/wp-content\/uploads\/2024\/01\/pic-copy-2.png\",\"contentUrl\":\"https:\/\/bislance.com\/wp-content\/uploads\/2024\/01\/pic-copy-2.png\"},{\"@type\":\"BreadcrumbList\",\"@id\":\"https:\/\/bislance.com\/microsoft-bing\/#breadcrumb\",\"itemListElement\":[{\"@type\":\"ListItem\",\"position\":1,\"name\":\"Portada\",\"item\":\"https:\/\/bislance.com\/\"},{\"@type\":\"ListItem\",\"position\":2,\"name\":\"Microsoft Bing\"}]},{\"@type\":\"WebSite\",\"@id\":\"https:\/\/bislance.com\/#website\",\"url\":\"https:\/\/bislance.com\/\",\"name\":\"Bislance\",\"description\":\"Growing business to the next level\",\"publisher\":{\"@id\":\"https:\/\/bislance.com\/#organization\"},\"potentialAction\":[{\"@type\":\"SearchAction\",\"target\":{\"@type\":\"EntryPoint\",\"urlTemplate\":\"https:\/\/bislance.com\/?s={search_term_string}\"},\"query-input\":{\"@type\":\"PropertyValueSpecification\",\"valueRequired\":true,\"valueName\":\"search_term_string\"}}],\"inLanguage\":\"es\"},{\"@type\":\"Organization\",\"@id\":\"https:\/\/bislance.com\/#organization\",\"name\":\"Bislance\",\"url\":\"https:\/\/bislance.com\/\",\"logo\":{\"@type\":\"ImageObject\",\"inLanguage\":\"es\",\"@id\":\"https:\/\/bislance.com\/#\/schema\/logo\/image\/\",\"url\":\"https:\/\/bislance.com\/wp-content\/uploads\/2024\/01\/BISLANCE-ap.png\",\"contentUrl\":\"https:\/\/bislance.com\/wp-content\/uploads\/2024\/01\/BISLANCE-ap.png\",\"width\":1608,\"height\":518,\"caption\":\"Bislance\"},\"image\":{\"@id\":\"https:\/\/bislance.com\/#\/schema\/logo\/image\/\"}}]}<\/script>\n<!-- \/ Yoast SEO plugin. -->","yoast_head_json":{"title":"Microsoft Bing - Bislance","robots":{"index":"index","follow":"follow","max-snippet":"max-snippet:-1","max-image-preview":"max-image-preview:large","max-video-preview":"max-video-preview:-1"},"canonical":"https:\/\/bislance.com\/microsoft-bing\/","og_locale":"es_ES","og_type":"article","og_title":"Microsoft Bing - Bislance","og_description":"Microsoft Bing Nunca hay que olvidarse de Bing, aunque tiene una cuota de mercado en Espa\u00f1a menor que Google Ads, los costes que ofrece por clic son mucho m\u00e1s bajos, y los resultados suelen ser muy buenos. Hay pa\u00edses en los que su cuota en el mercado es mayor que en Espa\u00f1a, y dependiendo de [&hellip;]","og_url":"https:\/\/bislance.com\/microsoft-bing\/","og_site_name":"Bislance","article_modified_time":"2024-02-05T19:43:04+00:00","og_image":[{"width":562,"height":562,"url":"https:\/\/bislance.com\/wp-content\/uploads\/2024\/01\/pic-copy-2.png","type":"image\/png"}],"twitter_card":"summary_large_image","schema":{"@context":"https:\/\/schema.org","@graph":[{"@type":"WebPage","@id":"https:\/\/bislance.com\/microsoft-bing\/","url":"https:\/\/bislance.com\/microsoft-bing\/","name":"Microsoft Bing - Bislance","isPartOf":{"@id":"https:\/\/bislance.com\/#website"},"primaryImageOfPage":{"@id":"https:\/\/bislance.com\/microsoft-bing\/#primaryimage"},"image":{"@id":"https:\/\/bislance.com\/microsoft-bing\/#primaryimage"},"thumbnailUrl":"https:\/\/bislance.com\/wp-content\/uploads\/2024\/01\/pic-copy-2.png","datePublished":"2024-02-03T19:58:53+00:00","dateModified":"2024-02-05T19:43:04+00:00","breadcrumb":{"@id":"https:\/\/bislance.com\/microsoft-bing\/#breadcrumb"},"inLanguage":"es","potentialAction":[{"@type":"ReadAction","target":["https:\/\/bislance.com\/microsoft-bing\/"]}]},{"@type":"ImageObject","inLanguage":"es","@id":"https:\/\/bislance.com\/microsoft-bing\/#primaryimage","url":"https:\/\/bislance.com\/wp-content\/uploads\/2024\/01\/pic-copy-2.png","contentUrl":"https:\/\/bislance.com\/wp-content\/uploads\/2024\/01\/pic-copy-2.png"},{"@type":"BreadcrumbList","@id":"https:\/\/bislance.com\/microsoft-bing\/#breadcrumb","itemListElement":[{"@type":"ListItem","position":1,"name":"Portada","item":"https:\/\/bislance.com\/"},{"@type":"ListItem","position":2,"name":"Microsoft Bing"}]},{"@type":"WebSite","@id":"https:\/\/bislance.com\/#website","url":"https:\/\/bislance.com\/","name":"Bislance","description":"Growing business to the next level","publisher":{"@id":"https:\/\/bislance.com\/#organization"},"potentialAction":[{"@type":"SearchAction","target":{"@type":"EntryPoint","urlTemplate":"https:\/\/bislance.com\/?s={search_term_string}"},"query-input":{"@type":"PropertyValueSpecification","valueRequired":true,"valueName":"search_term_string"}}],"inLanguage":"es"},{"@type":"Organization","@id":"https:\/\/bislance.com\/#organization","name":"Bislance","url":"https:\/\/bislance.com\/","logo":{"@type":"ImageObject","inLanguage":"es","@id":"https:\/\/bislance.com\/#\/schema\/logo\/image\/","url":"https:\/\/bislance.com\/wp-content\/uploads\/2024\/01\/BISLANCE-ap.png","contentUrl":"https:\/\/bislance.com\/wp-content\/uploads\/2024\/01\/BISLANCE-ap.png","width":1608,"height":518,"caption":"Bislance"},"image":{"@id":"https:\/\/bislance.com\/#\/schema\/logo\/image\/"}}]}},"_links":{"self":[{"href":"https:\/\/bislance.com\/es\/wp-json\/wp\/v2\/pages\/988465","targetHints":{"allow":["GET"]}}],"collection":[{"href":"https:\/\/bislance.com\/es\/wp-json\/wp\/v2\/pages"}],"about":[{"href":"https:\/\/bislance.com\/es\/wp-json\/wp\/v2\/types\/page"}],"author":[{"embeddable":true,"href":"https:\/\/bislance.com\/es\/wp-json\/wp\/v2\/users\/2"}],"replies":[{"embeddable":true,"href":"https:\/\/bislance.com\/es\/wp-json\/wp\/v2\/comments?post=988465"}],"version-history":[{"count":10,"href":"https:\/\/bislance.com\/es\/wp-json\/wp\/v2\/pages\/988465\/revisions"}],"predecessor-version":[{"id":988699,"href":"https:\/\/bislance.com\/es\/wp-json\/wp\/v2\/pages\/988465\/revisions\/988699"}],"wp:attachment":[{"href":"https:\/\/bislance.com\/es\/wp-json\/wp\/v2\/media?parent=988465"}],"curies":[{"name":"wp","href":"https:\/\/api.w.org\/{rel}","templated":true}]}}