{"id":988483,"date":"2024-02-04T18:58:15","date_gmt":"2024-02-04T18:58:15","guid":{"rendered":"https:\/\/bislance.com\/?page_id=988483"},"modified":"2026-04-12T11:06:25","modified_gmt":"2026-04-12T11:06:25","slug":"nosotros","status":"publish","type":"page","link":"https:\/\/bislance.com\/es\/nosotros\/","title":{"rendered":"Nosotros"},"content":{"rendered":"\t\t<div data-elementor-type=\"wp-page\" data-elementor-id=\"988483\" class=\"elementor elementor-988483\" data-elementor-post-type=\"page\">\n\t\t\t\t<div class=\"elementor-element elementor-element-5de428be e-flex e-con-boxed e-con e-parent\" data-id=\"5de428be\" data-element_type=\"container\" data-settings=\"{&quot;background_background&quot;:&quot;gradient&quot;,&quot;shape_divider_bottom&quot;:&quot;waves&quot;}\">\n\t\t\t\t\t<div class=\"e-con-inner\">\n\t\t\t\t<div class=\"elementor-shape elementor-shape-bottom\" data-negative=\"false\">\n\t\t\t<svg xmlns=\"http:\/\/www.w3.org\/2000\/svg\" viewBox=\"0 0 1000 100\" preserveAspectRatio=\"none\">\n\t<path class=\"elementor-shape-fill\" d=\"M421.9,6.5c22.6-2.5,51.5,0.4,75.5,5.3c23.6,4.9,70.9,23.5,100.5,35.7c75.8,32.2,133.7,44.5,192.6,49.7\n\tc23.6,2.1,48.7,3.5,103.4-2.5c54.7-6,106.2-25.6,106.2-25.6V0H0v30.3c0,0,72,32.6,158.4,30.5c39.2-0.7,92.8-6.7,134-22.4\n\tc21.2-8.1,52.2-18.2,79.7-24.2C399.3,7.9,411.6,7.5,421.9,6.5z\"\/>\n<\/svg>\t\t<\/div>\n\t\t\t\t<div class=\"elementor-element elementor-element-315824c4 elementor-widget elementor-widget-heading\" data-id=\"315824c4\" data-element_type=\"widget\" data-widget_type=\"heading.default\">\n\t\t\t\t<div class=\"elementor-widget-container\">\n\t\t\t<style>\/*! elementor - v3.21.0 - 20-05-2024 *\/\n.elementor-heading-title{padding:0;margin:0;line-height:1}.elementor-widget-heading .elementor-heading-title[class*=elementor-size-]>a{color:inherit;font-size:inherit;line-height:inherit}.elementor-widget-heading .elementor-heading-title.elementor-size-small{font-size:15px}.elementor-widget-heading .elementor-heading-title.elementor-size-medium{font-size:19px}.elementor-widget-heading .elementor-heading-title.elementor-size-large{font-size:29px}.elementor-widget-heading .elementor-heading-title.elementor-size-xl{font-size:39px}.elementor-widget-heading .elementor-heading-title.elementor-size-xxl{font-size:59px}<\/style><h1 class=\"elementor-heading-title elementor-size-default\">Sobre Nosotros<\/h1>\t\t<\/div>\n\t\t\t\t<\/div>\n\t\t\t\t\t<\/div>\n\t\t\t\t<\/div>\n\t\t<div class=\"elementor-element elementor-element-5d05fa5b e-flex e-con-boxed e-con e-parent\" data-id=\"5d05fa5b\" data-element_type=\"container\" data-settings=\"{&quot;background_background&quot;:&quot;classic&quot;}\">\n\t\t\t\t\t<div class=\"e-con-inner\">\n\t\t\t\t<div class=\"elementor-element elementor-element-62433fb8 elementor-widget__width-initial elementor-widget elementor-widget-text-editor\" data-id=\"62433fb8\" data-element_type=\"widget\" data-widget_type=\"text-editor.default\">\n\t\t\t\t<div class=\"elementor-widget-container\">\n\t\t\t<style>\/*! elementor - v3.21.0 - 20-05-2024 *\/\n.elementor-widget-text-editor.elementor-drop-cap-view-stacked .elementor-drop-cap{background-color:#69727d;color:#fff}.elementor-widget-text-editor.elementor-drop-cap-view-framed .elementor-drop-cap{color:#69727d;border:3px solid;background-color:transparent}.elementor-widget-text-editor:not(.elementor-drop-cap-view-default) .elementor-drop-cap{margin-top:8px}.elementor-widget-text-editor:not(.elementor-drop-cap-view-default) .elementor-drop-cap-letter{width:1em;height:1em}.elementor-widget-text-editor .elementor-drop-cap{float:left;text-align:center;line-height:1;font-size:50px}.elementor-widget-text-editor .elementor-drop-cap-letter{display:inline-block}<\/style>\t\t\t\t<p>En Bislance consideramos que en publicidad hay que elegir muy bien los pasos que se van a dar para obtener excelentes resultados. Desde que se hace la b\u00fasqueda, aparece el anuncio y se llega a una web con el resultado que se est\u00e1 buscando, hay detr\u00e1s todo un sistema que debe encajar a la perfecci\u00f3n, por eso ponemos mucho empe\u00f1o en que todo funcione correctamente, todo eso es lo que va a hacer crecer tu negocio.<\/p><p>Contamos con profesionales dedicados exclusivamente en la gesti\u00f3n de campa\u00f1as en cada una de las especialidades, Google Ads, Microsoft Bing, Facebook Ads, y entre toda nuestra experiencia acumulada podemos incluir varios sectores con los que hemos trabajado, moda, seguros, viajes, retail, industrias, B2B\u2026 etc.<\/p><p>\u00bfD\u00f3nde estamos? F\u00edsicamente estamos en Liverpool (UK) y\u00a0 Tarragona (Espa\u00f1a), pero no tenemos oficina, trabajamos totalmente online entre nosotros y con cliente. Esta forma de trabajo nos ha permitido organizarnos mejor el tiempo y la carga de trabajo. <br \/>Nuestros clientes no se sienten olvidados en ning\u00fan momento, estamos muy pendientes de todo, tenemos reuniones de seguimiento de forma constante, donde compartimos la evoluci\u00f3n de cada uno de los negocios.<\/p>\t\t\t\t\t\t<\/div>\n\t\t\t\t<\/div>\n\t\t<div class=\"elementor-element elementor-element-57e22dd7 e-con-full e-flex e-con e-child\" data-id=\"57e22dd7\" data-element_type=\"container\">\n\t\t\t\t<div class=\"elementor-element elementor-element-48cb0f83 elementor-widget elementor-widget-image\" data-id=\"48cb0f83\" data-element_type=\"widget\" data-settings=\"{&quot;motion_fx_motion_fx_scrolling&quot;:&quot;yes&quot;,&quot;motion_fx_translateY_effect&quot;:&quot;yes&quot;,&quot;motion_fx_translateY_direction&quot;:&quot;negative&quot;,&quot;motion_fx_translateY_speed&quot;:{&quot;unit&quot;:&quot;px&quot;,&quot;size&quot;:&quot;0.8&quot;,&quot;sizes&quot;:[]},&quot;motion_fx_devices&quot;:[&quot;desktop&quot;],&quot;motion_fx_translateY_affectedRange&quot;:{&quot;unit&quot;:&quot;%&quot;,&quot;size&quot;:&quot;&quot;,&quot;sizes&quot;:{&quot;start&quot;:0,&quot;end&quot;:100}}}\" data-widget_type=\"image.default\">\n\t\t\t\t<div class=\"elementor-widget-container\">\n\t\t\t<style>\/*! elementor - v3.21.0 - 20-05-2024 *\/\n.elementor-widget-image{text-align:center}.elementor-widget-image a{display:inline-block}.elementor-widget-image a img[src$=\".svg\"]{width:48px}.elementor-widget-image img{vertical-align:middle;display:inline-block}<\/style>\t\t\t\t\t\t\t\t\t\t<img decoding=\"async\" width=\"231\" height=\"199\" src=\"https:\/\/bislance.com\/wp-content\/uploads\/2024\/12\/logo-center.png\" class=\"attachment-full size-full wp-image-988841\" alt=\"\" \/>\t\t\t\t\t\t\t\t\t\t\t\t\t<\/div>\n\t\t\t\t<\/div>\n\t\t\t\t<div class=\"elementor-element elementor-element-6c92f6fd elementor-widget elementor-widget-image\" data-id=\"6c92f6fd\" data-element_type=\"widget\" data-settings=\"{&quot;motion_fx_motion_fx_scrolling&quot;:&quot;yes&quot;,&quot;motion_fx_translateY_effect&quot;:&quot;yes&quot;,&quot;motion_fx_translateY_speed&quot;:{&quot;unit&quot;:&quot;px&quot;,&quot;size&quot;:&quot;0.8&quot;,&quot;sizes&quot;:[]},&quot;motion_fx_devices&quot;:[&quot;desktop&quot;],&quot;motion_fx_translateY_affectedRange&quot;:{&quot;unit&quot;:&quot;%&quot;,&quot;size&quot;:&quot;&quot;,&quot;sizes&quot;:{&quot;start&quot;:0,&quot;end&quot;:100}}}\" data-widget_type=\"image.default\">\n\t\t\t\t<div class=\"elementor-widget-container\">\n\t\t\t\t\t\t\t\t\t\t\t\t\t<img fetchpriority=\"high\" decoding=\"async\" width=\"300\" height=\"300\" src=\"https:\/\/bislance.com\/wp-content\/uploads\/2024\/01\/Our-Services-pic-2-300x300.png\" class=\"attachment-medium size-medium wp-image-988310\" alt=\"\" srcset=\"https:\/\/bislance.com\/wp-content\/uploads\/2024\/01\/Our-Services-pic-2-300x300.png 300w, https:\/\/bislance.com\/wp-content\/uploads\/2024\/01\/Our-Services-pic-2-150x150.png 150w, https:\/\/bislance.com\/wp-content\/uploads\/2024\/01\/Our-Services-pic-2.png 507w\" sizes=\"(max-width: 300px) 100vw, 300px\" \/>\t\t\t\t\t\t\t\t\t\t\t\t\t<\/div>\n\t\t\t\t<\/div>\n\t\t\t\t<\/div>\n\t\t\t\t\t<\/div>\n\t\t\t\t<\/div>\n\t\t\t\t<\/div>\n\t\t","protected":false},"excerpt":{"rendered":"<p>Sobre Nosotros En Bislance consideramos que en publicidad hay que elegir muy bien los pasos que se van a dar para obtener excelentes resultados. Desde que se hace la b\u00fasqueda, aparece el anuncio y se llega a una web con el resultado que se est\u00e1 buscando, hay detr\u00e1s todo un sistema que debe encajar a [&hellip;]<\/p>\n","protected":false},"author":2,"featured_media":0,"parent":0,"menu_order":0,"comment_status":"closed","ping_status":"closed","template":"elementor_header_footer","meta":{"inline_featured_image":false,"footnotes":""},"class_list":["post-988483","page","type-page","status-publish","hentry"],"yoast_head":"<!-- This site is optimized with the Yoast SEO plugin v26.4 - https:\/\/yoast.com\/wordpress\/plugins\/seo\/ -->\n<title>Nosotros - Bislance<\/title>\n<meta name=\"robots\" content=\"index, follow, max-snippet:-1, max-image-preview:large, max-video-preview:-1\" \/>\n<link rel=\"canonical\" href=\"https:\/\/bislance.com\/es\/nosotros\/\" \/>\n<meta property=\"og:locale\" content=\"es_ES\" \/>\n<meta property=\"og:type\" content=\"article\" \/>\n<meta property=\"og:title\" content=\"Nosotros - Bislance\" \/>\n<meta property=\"og:description\" content=\"Sobre Nosotros En Bislance consideramos que en publicidad hay que elegir muy bien los pasos que se van a dar para obtener excelentes resultados. Desde que se hace la b\u00fasqueda, aparece el anuncio y se llega a una web con el resultado que se est\u00e1 buscando, hay detr\u00e1s todo un sistema que debe encajar a [&hellip;]\" \/>\n<meta property=\"og:url\" content=\"https:\/\/bislance.com\/es\/nosotros\/\" \/>\n<meta property=\"og:site_name\" content=\"Bislance\" \/>\n<meta property=\"article:modified_time\" content=\"2026-04-12T11:06:25+00:00\" \/>\n<meta property=\"og:image\" content=\"https:\/\/bislance.com\/wp-content\/uploads\/2024\/12\/logo-center.png\" \/>\n\t<meta property=\"og:image:width\" content=\"231\" \/>\n\t<meta property=\"og:image:height\" content=\"199\" \/>\n\t<meta property=\"og:image:type\" content=\"image\/png\" \/>\n<meta name=\"twitter:card\" content=\"summary_large_image\" \/>\n<meta name=\"twitter:label1\" content=\"Tiempo de lectura\" \/>\n\t<meta name=\"twitter:data1\" content=\"2 minutos\" \/>\n<script type=\"application\/ld+json\" class=\"yoast-schema-graph\">{\"@context\":\"https:\/\/schema.org\",\"@graph\":[{\"@type\":\"WebPage\",\"@id\":\"https:\/\/bislance.com\/es\/nosotros\/\",\"url\":\"https:\/\/bislance.com\/es\/nosotros\/\",\"name\":\"Nosotros - Bislance\",\"isPartOf\":{\"@id\":\"https:\/\/bislance.com\/#website\"},\"primaryImageOfPage\":{\"@id\":\"https:\/\/bislance.com\/es\/nosotros\/#primaryimage\"},\"image\":{\"@id\":\"https:\/\/bislance.com\/es\/nosotros\/#primaryimage\"},\"thumbnailUrl\":\"https:\/\/bislance.com\/wp-content\/uploads\/2024\/12\/logo-center.png\",\"datePublished\":\"2024-02-04T18:58:15+00:00\",\"dateModified\":\"2026-04-12T11:06:25+00:00\",\"breadcrumb\":{\"@id\":\"https:\/\/bislance.com\/es\/nosotros\/#breadcrumb\"},\"inLanguage\":\"es\",\"potentialAction\":[{\"@type\":\"ReadAction\",\"target\":[\"https:\/\/bislance.com\/es\/nosotros\/\"]}]},{\"@type\":\"ImageObject\",\"inLanguage\":\"es\",\"@id\":\"https:\/\/bislance.com\/es\/nosotros\/#primaryimage\",\"url\":\"https:\/\/bislance.com\/wp-content\/uploads\/2024\/12\/logo-center.png\",\"contentUrl\":\"https:\/\/bislance.com\/wp-content\/uploads\/2024\/12\/logo-center.png\"},{\"@type\":\"BreadcrumbList\",\"@id\":\"https:\/\/bislance.com\/es\/nosotros\/#breadcrumb\",\"itemListElement\":[{\"@type\":\"ListItem\",\"position\":1,\"name\":\"Portada\",\"item\":\"https:\/\/bislance.com\/\"},{\"@type\":\"ListItem\",\"position\":2,\"name\":\"Nosotros\"}]},{\"@type\":\"WebSite\",\"@id\":\"https:\/\/bislance.com\/#website\",\"url\":\"https:\/\/bislance.com\/\",\"name\":\"Bislance\",\"description\":\"Growing business to the next level\",\"publisher\":{\"@id\":\"https:\/\/bislance.com\/#organization\"},\"potentialAction\":[{\"@type\":\"SearchAction\",\"target\":{\"@type\":\"EntryPoint\",\"urlTemplate\":\"https:\/\/bislance.com\/?s={search_term_string}\"},\"query-input\":{\"@type\":\"PropertyValueSpecification\",\"valueRequired\":true,\"valueName\":\"search_term_string\"}}],\"inLanguage\":\"es\"},{\"@type\":\"Organization\",\"@id\":\"https:\/\/bislance.com\/#organization\",\"name\":\"Bislance\",\"url\":\"https:\/\/bislance.com\/\",\"logo\":{\"@type\":\"ImageObject\",\"inLanguage\":\"es\",\"@id\":\"https:\/\/bislance.com\/#\/schema\/logo\/image\/\",\"url\":\"https:\/\/bislance.com\/wp-content\/uploads\/2024\/01\/BISLANCE-ap.png\",\"contentUrl\":\"https:\/\/bislance.com\/wp-content\/uploads\/2024\/01\/BISLANCE-ap.png\",\"width\":1608,\"height\":518,\"caption\":\"Bislance\"},\"image\":{\"@id\":\"https:\/\/bislance.com\/#\/schema\/logo\/image\/\"}}]}<\/script>\n<!-- \/ Yoast SEO plugin. -->","yoast_head_json":{"title":"Nosotros - Bislance","robots":{"index":"index","follow":"follow","max-snippet":"max-snippet:-1","max-image-preview":"max-image-preview:large","max-video-preview":"max-video-preview:-1"},"canonical":"https:\/\/bislance.com\/es\/nosotros\/","og_locale":"es_ES","og_type":"article","og_title":"Nosotros - Bislance","og_description":"Sobre Nosotros En Bislance consideramos que en publicidad hay que elegir muy bien los pasos que se van a dar para obtener excelentes resultados. Desde que se hace la b\u00fasqueda, aparece el anuncio y se llega a una web con el resultado que se est\u00e1 buscando, hay detr\u00e1s todo un sistema que debe encajar a [&hellip;]","og_url":"https:\/\/bislance.com\/es\/nosotros\/","og_site_name":"Bislance","article_modified_time":"2026-04-12T11:06:25+00:00","og_image":[{"width":231,"height":199,"url":"https:\/\/bislance.com\/wp-content\/uploads\/2024\/12\/logo-center.png","type":"image\/png"}],"twitter_card":"summary_large_image","twitter_misc":{"Tiempo de lectura":"2 minutos"},"schema":{"@context":"https:\/\/schema.org","@graph":[{"@type":"WebPage","@id":"https:\/\/bislance.com\/es\/nosotros\/","url":"https:\/\/bislance.com\/es\/nosotros\/","name":"Nosotros - Bislance","isPartOf":{"@id":"https:\/\/bislance.com\/#website"},"primaryImageOfPage":{"@id":"https:\/\/bislance.com\/es\/nosotros\/#primaryimage"},"image":{"@id":"https:\/\/bislance.com\/es\/nosotros\/#primaryimage"},"thumbnailUrl":"https:\/\/bislance.com\/wp-content\/uploads\/2024\/12\/logo-center.png","datePublished":"2024-02-04T18:58:15+00:00","dateModified":"2026-04-12T11:06:25+00:00","breadcrumb":{"@id":"https:\/\/bislance.com\/es\/nosotros\/#breadcrumb"},"inLanguage":"es","potentialAction":[{"@type":"ReadAction","target":["https:\/\/bislance.com\/es\/nosotros\/"]}]},{"@type":"ImageObject","inLanguage":"es","@id":"https:\/\/bislance.com\/es\/nosotros\/#primaryimage","url":"https:\/\/bislance.com\/wp-content\/uploads\/2024\/12\/logo-center.png","contentUrl":"https:\/\/bislance.com\/wp-content\/uploads\/2024\/12\/logo-center.png"},{"@type":"BreadcrumbList","@id":"https:\/\/bislance.com\/es\/nosotros\/#breadcrumb","itemListElement":[{"@type":"ListItem","position":1,"name":"Portada","item":"https:\/\/bislance.com\/"},{"@type":"ListItem","position":2,"name":"Nosotros"}]},{"@type":"WebSite","@id":"https:\/\/bislance.com\/#website","url":"https:\/\/bislance.com\/","name":"Bislance","description":"Growing business to the next level","publisher":{"@id":"https:\/\/bislance.com\/#organization"},"potentialAction":[{"@type":"SearchAction","target":{"@type":"EntryPoint","urlTemplate":"https:\/\/bislance.com\/?s={search_term_string}"},"query-input":{"@type":"PropertyValueSpecification","valueRequired":true,"valueName":"search_term_string"}}],"inLanguage":"es"},{"@type":"Organization","@id":"https:\/\/bislance.com\/#organization","name":"Bislance","url":"https:\/\/bislance.com\/","logo":{"@type":"ImageObject","inLanguage":"es","@id":"https:\/\/bislance.com\/#\/schema\/logo\/image\/","url":"https:\/\/bislance.com\/wp-content\/uploads\/2024\/01\/BISLANCE-ap.png","contentUrl":"https:\/\/bislance.com\/wp-content\/uploads\/2024\/01\/BISLANCE-ap.png","width":1608,"height":518,"caption":"Bislance"},"image":{"@id":"https:\/\/bislance.com\/#\/schema\/logo\/image\/"}}]}},"_links":{"self":[{"href":"https:\/\/bislance.com\/es\/wp-json\/wp\/v2\/pages\/988483","targetHints":{"allow":["GET"]}}],"collection":[{"href":"https:\/\/bislance.com\/es\/wp-json\/wp\/v2\/pages"}],"about":[{"href":"https:\/\/bislance.com\/es\/wp-json\/wp\/v2\/types\/page"}],"author":[{"embeddable":true,"href":"https:\/\/bislance.com\/es\/wp-json\/wp\/v2\/users\/2"}],"replies":[{"embeddable":true,"href":"https:\/\/bislance.com\/es\/wp-json\/wp\/v2\/comments?post=988483"}],"version-history":[{"count":19,"href":"https:\/\/bislance.com\/es\/wp-json\/wp\/v2\/pages\/988483\/revisions"}],"predecessor-version":[{"id":988914,"href":"https:\/\/bislance.com\/es\/wp-json\/wp\/v2\/pages\/988483\/revisions\/988914"}],"wp:attachment":[{"href":"https:\/\/bislance.com\/es\/wp-json\/wp\/v2\/media?parent=988483"}],"curies":[{"name":"wp","href":"https:\/\/api.w.org\/{rel}","templated":true}]}}